{"id":38,"date":"2016-11-08T09:37:17","date_gmt":"2016-11-08T08:37:17","guid":{"rendered":"http:\/\/preview.ait-themes.club\/theme\/architect\/?page_id=38"},"modified":"2026-02-27T08:18:05","modified_gmt":"2026-02-27T07:18:05","slug":"contactar","status":"publish","type":"page","link":"https:\/\/ferransa.com\/contactar\/","title":{"rendered":"Contacto"},"content":{"rendered":"<h1 style=\"text-align: center;\">Contacta con Ferransa Asesores: Sede en Molins de Rei, servicio en toda Espa\u00f1a<\/h1>\n<h2 style=\"text-align: center;\">Tu primera consulta es gratuita<\/h2>\n<p style=\"text-align: center;\">Est\u00e1s de suerte, ya lo has encontrado. Te aseguramos que los servicios que ofrecemos, no s\u00f3lo te van a facilitar el trabajo, sino que vas a quedar plenamente satisfecho con nuestra manera de hacer las cosas.<\/p>\n<p style=\"text-align: center;\">Nuestro objetivo se basa en la confianza y en las garant\u00edas que te proporcionamos en cada uno de nuestros servicios.<\/p>\n<p style=\"text-align: center;\">Puedes dejarnos cualquier consulta o comentario por tel\u00e9fono, WhatsApp, correo electr\u00f3nico, o bien, mediante este formulario de contacto<span style=\"color: #000000;\"><a style=\"color: #000000;\" href=\"https:\/\/ferransa.com\/?page_id=38\">.<\/a><\/span><\/p>\n","protected":false},"excerpt":{"rendered":"<p>Contacta con Ferransa Asesores: Sede en Molins de Rei, servicio en toda Espa\u00f1a Tu primera consulta es gratuita Est\u00e1s de suerte, ya lo has encontrado. Te aseguramos que los servicios que ofrecemos, no s\u00f3lo te van a facilitar el trabajo, sino que vas a quedar plenamente satisfecho con nuestra manera de hacer las cosas. Nuestro [&hellip;]<\/p>\n","protected":false},"author":1,"featured_media":0,"parent":0,"menu_order":0,"comment_status":"closed","ping_status":"closed","template":"","meta":{"footnotes":""},"class_list":["post-38","page","type-page","status-publish","hentry"],"yoast_head":"<!-- This site is optimized with the Yoast SEO plugin v27.0 - https:\/\/yoast.com\/product\/yoast-seo-wordpress\/ -->\n<title>Contacto - Ferransa Asesores y gestor\u00eda en Molins de Rei<\/title>\n<meta name=\"description\" content=\"FERRANSA ASESORES. en Molins de Rei. Persona de contacto: Ferran S\u00e1ez Tel.699.373.273; email: ferransa@hotmail.com; skype: ferransatwit\" \/>\n<meta name=\"robots\" content=\"index, follow, max-snippet:-1, max-image-preview:large, max-video-preview:-1\" \/>\n<link rel=\"canonical\" href=\"https:\/\/ferransa.com\/contactar\/\" \/>\n<meta property=\"og:locale\" content=\"es_ES\" \/>\n<meta property=\"og:type\" content=\"article\" \/>\n<meta property=\"og:title\" content=\"Contacto - Ferransa Asesores y gestor\u00eda en Molins de Rei\" \/>\n<meta property=\"og:description\" content=\"FERRANSA ASESORES. en Molins de Rei. Persona de contacto: Ferran S\u00e1ez Tel.699.373.273; email: ferransa@hotmail.com; skype: ferransatwit\" \/>\n<meta property=\"og:url\" content=\"https:\/\/ferransa.com\/contactar\/\" \/>\n<meta property=\"og:site_name\" content=\"Ferransa\" \/>\n<meta property=\"article:modified_time\" content=\"2026-02-27T07:18:05+00:00\" \/>\n<meta name=\"twitter:card\" content=\"summary_large_image\" \/>\n<meta name=\"twitter:label1\" content=\"Tiempo de lectura\" \/>\n\t<meta name=\"twitter:data1\" content=\"1 minuto\" \/>\n<script type=\"application\/ld+json\" class=\"yoast-schema-graph\">{\"@context\":\"https:\/\/schema.org\",\"@graph\":[{\"@type\":\"WebPage\",\"@id\":\"https:\/\/ferransa.com\/contactar\/\",\"url\":\"https:\/\/ferransa.com\/contactar\/\",\"name\":\"Contacto - Ferransa Asesores y gestor\u00eda en Molins de Rei\",\"isPartOf\":{\"@id\":\"https:\/\/ferransa.com\/#website\"},\"datePublished\":\"2016-11-08T08:37:17+00:00\",\"dateModified\":\"2026-02-27T07:18:05+00:00\",\"description\":\"FERRANSA ASESORES. en Molins de Rei. Persona de contacto: Ferran S\u00e1ez Tel.699.373.273; email: ferransa@hotmail.com; skype: ferransatwit\",\"breadcrumb\":{\"@id\":\"https:\/\/ferransa.com\/contactar\/#breadcrumb\"},\"inLanguage\":\"es\",\"potentialAction\":[{\"@type\":\"ReadAction\",\"target\":[\"https:\/\/ferransa.com\/contactar\/\"]}]},{\"@type\":\"BreadcrumbList\",\"@id\":\"https:\/\/ferransa.com\/contactar\/#breadcrumb\",\"itemListElement\":[{\"@type\":\"ListItem\",\"position\":1,\"name\":\"Home\",\"item\":\"https:\/\/ferransa.com\/\"},{\"@type\":\"ListItem\",\"position\":2,\"name\":\"Contacto\"}]},{\"@type\":\"WebSite\",\"@id\":\"https:\/\/ferransa.com\/#website\",\"url\":\"https:\/\/ferransa.com\/\",\"name\":\"Ferransa\",\"description\":\"Asesoramiento integral\",\"potentialAction\":[{\"@type\":\"SearchAction\",\"target\":{\"@type\":\"EntryPoint\",\"urlTemplate\":\"https:\/\/ferransa.com\/?s={search_term_string}\"},\"query-input\":{\"@type\":\"PropertyValueSpecification\",\"valueRequired\":true,\"valueName\":\"search_term_string\"}}],\"inLanguage\":\"es\"}]}<\/script>\n<!-- \/ Yoast SEO plugin. -->","yoast_head_json":{"title":"Contacto - Ferransa Asesores y gestor\u00eda en Molins de Rei","description":"FERRANSA ASESORES. en Molins de Rei. Persona de contacto: Ferran S\u00e1ez Tel.699.373.273; email: ferransa@hotmail.com; skype: ferransatwit","robots":{"index":"index","follow":"follow","max-snippet":"max-snippet:-1","max-image-preview":"max-image-preview:large","max-video-preview":"max-video-preview:-1"},"canonical":"https:\/\/ferransa.com\/contactar\/","og_locale":"es_ES","og_type":"article","og_title":"Contacto - Ferransa Asesores y gestor\u00eda en Molins de Rei","og_description":"FERRANSA ASESORES. en Molins de Rei. Persona de contacto: Ferran S\u00e1ez Tel.699.373.273; email: ferransa@hotmail.com; skype: ferransatwit","og_url":"https:\/\/ferransa.com\/contactar\/","og_site_name":"Ferransa","article_modified_time":"2026-02-27T07:18:05+00:00","twitter_card":"summary_large_image","twitter_misc":{"Tiempo de lectura":"1 minuto"},"schema":{"@context":"https:\/\/schema.org","@graph":[{"@type":"WebPage","@id":"https:\/\/ferransa.com\/contactar\/","url":"https:\/\/ferransa.com\/contactar\/","name":"Contacto - Ferransa Asesores y gestor\u00eda en Molins de Rei","isPartOf":{"@id":"https:\/\/ferransa.com\/#website"},"datePublished":"2016-11-08T08:37:17+00:00","dateModified":"2026-02-27T07:18:05+00:00","description":"FERRANSA ASESORES. en Molins de Rei. Persona de contacto: Ferran S\u00e1ez Tel.699.373.273; email: ferransa@hotmail.com; skype: ferransatwit","breadcrumb":{"@id":"https:\/\/ferransa.com\/contactar\/#breadcrumb"},"inLanguage":"es","potentialAction":[{"@type":"ReadAction","target":["https:\/\/ferransa.com\/contactar\/"]}]},{"@type":"BreadcrumbList","@id":"https:\/\/ferransa.com\/contactar\/#breadcrumb","itemListElement":[{"@type":"ListItem","position":1,"name":"Home","item":"https:\/\/ferransa.com\/"},{"@type":"ListItem","position":2,"name":"Contacto"}]},{"@type":"WebSite","@id":"https:\/\/ferransa.com\/#website","url":"https:\/\/ferransa.com\/","name":"Ferransa","description":"Asesoramiento integral","potentialAction":[{"@type":"SearchAction","target":{"@type":"EntryPoint","urlTemplate":"https:\/\/ferransa.com\/?s={search_term_string}"},"query-input":{"@type":"PropertyValueSpecification","valueRequired":true,"valueName":"search_term_string"}}],"inLanguage":"es"}]}},"_links":{"self":[{"href":"https:\/\/ferransa.com\/wp-json\/wp\/v2\/pages\/38","targetHints":{"allow":["GET"]}}],"collection":[{"href":"https:\/\/ferransa.com\/wp-json\/wp\/v2\/pages"}],"about":[{"href":"https:\/\/ferransa.com\/wp-json\/wp\/v2\/types\/page"}],"author":[{"embeddable":true,"href":"https:\/\/ferransa.com\/wp-json\/wp\/v2\/users\/1"}],"replies":[{"embeddable":true,"href":"https:\/\/ferransa.com\/wp-json\/wp\/v2\/comments?post=38"}],"version-history":[{"count":8,"href":"https:\/\/ferransa.com\/wp-json\/wp\/v2\/pages\/38\/revisions"}],"predecessor-version":[{"id":5293,"href":"https:\/\/ferransa.com\/wp-json\/wp\/v2\/pages\/38\/revisions\/5293"}],"wp:attachment":[{"href":"https:\/\/ferransa.com\/wp-json\/wp\/v2\/media?parent=38"}],"curies":[{"name":"wp","href":"https:\/\/api.w.org\/{rel}","templated":true}]}}